{"id":1145,"date":"2025-05-24T13:12:56","date_gmt":"2025-05-24T12:12:56","guid":{"rendered":"https:\/\/peio.eus\/?page_id=1145"},"modified":"2025-09-18T18:59:59","modified_gmt":"2025-09-18T17:59:59","slug":"sobre-mi","status":"publish","type":"page","link":"https:\/\/peio.eus\/?page_id=1145&lang=es","title":{"rendered":"Sobre m\u00ed"},"content":{"rendered":"\t\t<div data-elementor-type=\"wp-page\" data-elementor-id=\"1145\" class=\"elementor elementor-1145\" data-elementor-settings=\"{&quot;ha_cmc_init_switcher&quot;:&quot;no&quot;}\" data-elementor-post-type=\"page\">\n\t\t\t\t<div class=\"elementor-element elementor-element-4be07c4 e-flex e-con-boxed e-con e-parent\" data-id=\"4be07c4\" data-element_type=\"container\" data-settings=\"{&quot;_ha_eqh_enable&quot;:false}\">\n\t\t\t\t\t<div class=\"e-con-inner\">\n\t\t<div class=\"elementor-element elementor-element-411d085 e-con-full e-flex e-con e-child\" data-id=\"411d085\" data-element_type=\"container\" data-settings=\"{&quot;_ha_eqh_enable&quot;:false}\">\n\t\t\t\t<div class=\"elementor-element elementor-element-c1c698b elementor-widget elementor-widget-heading\" data-id=\"c1c698b\" data-element_type=\"widget\" data-widget_type=\"heading.default\">\n\t\t\t\t<div class=\"elementor-widget-container\">\n\t\t\t\t\t<h2 class=\"elementor-heading-title elementor-size-default\">SOBRE M\u00cd<\/h2>\t\t\t\t<\/div>\n\t\t\t\t<\/div>\n\t\t\t\t<div class=\"elementor-element elementor-element-5eaa378 elementor-widget-tablet__width-initial elementor-widget elementor-widget-text-editor\" data-id=\"5eaa378\" data-element_type=\"widget\" data-widget_type=\"text-editor.default\">\n\t\t\t\t<div class=\"elementor-widget-container\">\n\t\t\t\t\t\t\t\t\t<p>Me llamo Peio Kerexeta Errasti, nac\u00ed en 2004 y vivo en Antzuola. Actualmente estudio Comunicaci\u00f3n Audiovisual en Mondragon Unibertsitatea.<\/p><p>Me apasiona el dise\u00f1o en todas sus formas, especialmente el dise\u00f1o gr\u00e1fico y el dise\u00f1o web. Manejo herramientas como Photoshop, Illustrator, After Effects, Premiere, Figma y WordPress, lo que me permite trabajar en proyectos variados, desde identidad visual hasta dise\u00f1o web y contenido audiovisual. Mi estilo se puede apreciar en el apartado \u201cTrabajos\u201d, aun asi me gusta explorar diferentes estilos, y adaptarme a las necesidades de cada proyecto.<\/p><p>Mi objetivo es seguir aprendiendo, colaborar en proyectos creativos y aportar soluciones visuales que conecten con las personas de forma aut\u00e9ntica y efectiva.<\/p>\t\t\t\t\t\t\t\t<\/div>\n\t\t\t\t<\/div>\n\t\t\t\t<div class=\"elementor-element elementor-element-47c4b38 elementor-widget__width-initial elementor-widget elementor-widget-ha-skills happy-addon ha-skills\" data-id=\"47c4b38\" data-element_type=\"widget\" data-widget_type=\"ha-skills.default\">\n\t\t\t\t<div class=\"elementor-widget-container\">\n\t\t\t\t\t            <div class=\"ha-skill ha-skill--outside elementor-repeater-item-6bb3306\">\n                <div class=\"ha-skill-level\" data-level=\"90\">\n                    <div class=\"ha-skill-info\"><span class=\"ha-skill-name\">Photoshop<\/span><span class=\"ha-skill-level-text\"><\/span><\/div>\n                <\/div>\n            <\/div>\n                        <div class=\"ha-skill ha-skill--outside elementor-repeater-item-21e87f7\">\n                <div class=\"ha-skill-level\" data-level=\"55\">\n                    <div class=\"ha-skill-info\"><span class=\"ha-skill-name\">Ilustrator<\/span><span class=\"ha-skill-level-text\"><\/span><\/div>\n                <\/div>\n            <\/div>\n                        <div class=\"ha-skill ha-skill--outside elementor-repeater-item-14d7a2b\">\n                <div class=\"ha-skill-level\" data-level=\"80\">\n                    <div class=\"ha-skill-info\"><span class=\"ha-skill-name\">After effects<\/span><span class=\"ha-skill-level-text\"><\/span><\/div>\n                <\/div>\n            <\/div>\n                        <div class=\"ha-skill ha-skill--outside elementor-repeater-item-95d6434\">\n                <div class=\"ha-skill-level\" data-level=\"65\">\n                    <div class=\"ha-skill-info\"><span class=\"ha-skill-name\">Premiere Pro<\/span><span class=\"ha-skill-level-text\"><\/span><\/div>\n                <\/div>\n            <\/div>\n                        <div class=\"ha-skill ha-skill--outside elementor-repeater-item-7e6133f\">\n                <div class=\"ha-skill-level\" data-level=\"70\">\n                    <div class=\"ha-skill-info\"><span class=\"ha-skill-name\">Figma<\/span><span class=\"ha-skill-level-text\"><\/span><\/div>\n                <\/div>\n            <\/div>\n                        <div class=\"ha-skill ha-skill--outside elementor-repeater-item-50162b7\">\n                <div class=\"ha-skill-level\" data-level=\"80\">\n                    <div class=\"ha-skill-info\"><span class=\"ha-skill-name\">WordPress<\/span><span class=\"ha-skill-level-text\"><\/span><\/div>\n                <\/div>\n            <\/div>\n            \t\t\t\t<\/div>\n\t\t\t\t<\/div>\n\t\t\t\t<\/div>\n\t\t<div class=\"elementor-element elementor-element-2408e84 e-con-full e-flex e-con e-child\" data-id=\"2408e84\" data-element_type=\"container\" data-settings=\"{&quot;_ha_eqh_enable&quot;:false}\">\n\t\t\t\t<div class=\"elementor-element elementor-element-44f8d03 elementor-widget__width-initial elementor-widget elementor-widget-image\" data-id=\"44f8d03\" data-element_type=\"widget\" data-widget_type=\"image.default\">\n\t\t\t\t<div class=\"elementor-widget-container\">\n\t\t\t\t\t\t\t\t\t\t\t\t\t\t\t<img fetchpriority=\"high\" decoding=\"async\" width=\"768\" height=\"432\" src=\"https:\/\/peio.eus\/wp-content\/uploads\/2025\/05\/IMG_1667-768x432.jpeg\" class=\"attachment-medium_large size-medium_large wp-image-440\" alt=\"\" srcset=\"https:\/\/peio.eus\/wp-content\/uploads\/2025\/05\/IMG_1667-768x432.jpeg 768w, https:\/\/peio.eus\/wp-content\/uploads\/2025\/05\/IMG_1667-300x169.jpeg 300w, https:\/\/peio.eus\/wp-content\/uploads\/2025\/05\/IMG_1667-1024x576.jpeg 1024w, https:\/\/peio.eus\/wp-content\/uploads\/2025\/05\/IMG_1667-1536x864.jpeg 1536w, https:\/\/peio.eus\/wp-content\/uploads\/2025\/05\/IMG_1667-2048x1152.jpeg 2048w\" sizes=\"(max-width: 768px) 100vw, 768px\" \/>\t\t\t\t\t\t\t\t\t\t\t\t\t\t\t<\/div>\n\t\t\t\t<\/div>\n\t\t<div class=\"elementor-element elementor-element-f951202 e-con-full e-flex e-con e-child\" data-id=\"f951202\" data-element_type=\"container\" data-settings=\"{&quot;_ha_eqh_enable&quot;:false}\">\n\t\t<div class=\"elementor-element elementor-element-d2bf05b e-con-full e-flex e-con e-child\" data-id=\"d2bf05b\" data-element_type=\"container\" data-settings=\"{&quot;_ha_eqh_enable&quot;:false}\">\n\t\t\t\t<div class=\"elementor-element elementor-element-e90f734 elementor-widget elementor-widget-image\" data-id=\"e90f734\" data-element_type=\"widget\" data-widget_type=\"image.default\">\n\t\t\t\t<div class=\"elementor-widget-container\">\n\t\t\t\t\t\t\t\t\t\t\t\t\t\t\t<img decoding=\"async\" src=\"https:\/\/peio.eus\/wp-content\/uploads\/2025\/05\/IMG_9710-COPIA-1-scaled.jpg\" title=\"\" alt=\"\" loading=\"lazy\" \/>\t\t\t\t\t\t\t\t\t\t\t\t\t\t\t<\/div>\n\t\t\t\t<\/div>\n\t\t\t\t<\/div>\n\t\t<div class=\"elementor-element elementor-element-281f098 e-con-full e-flex e-con e-child\" data-id=\"281f098\" data-element_type=\"container\" data-settings=\"{&quot;_ha_eqh_enable&quot;:false}\">\n\t\t\t\t<div class=\"elementor-element elementor-element-008f6fe elementor-widget elementor-widget-image\" data-id=\"008f6fe\" data-element_type=\"widget\" data-widget_type=\"image.default\">\n\t\t\t\t<div class=\"elementor-widget-container\">\n\t\t\t\t\t\t\t\t\t\t\t\t\t\t\t<img decoding=\"async\" src=\"https:\/\/peio.eus\/wp-content\/uploads\/2025\/05\/5549F6DE-CDF9-4890-A3FD-E028EA0F3E6B.jpg\" title=\"\" alt=\"\" loading=\"lazy\" \/>\t\t\t\t\t\t\t\t\t\t\t\t\t\t\t<\/div>\n\t\t\t\t<\/div>\n\t\t\t\t<\/div>\n\t\t\t\t<\/div>\n\t\t\t\t<div class=\"elementor-element elementor-element-d5e6038 elementor-widget elementor-widget-image\" data-id=\"d5e6038\" data-element_type=\"widget\" data-widget_type=\"image.default\">\n\t\t\t\t<div class=\"elementor-widget-container\">\n\t\t\t\t\t\t\t\t\t\t\t\t\t\t\t<img decoding=\"async\" width=\"800\" height=\"450\" src=\"https:\/\/peio.eus\/wp-content\/uploads\/2025\/05\/IMG_1568-1-1024x576.jpg\" class=\"attachment-large size-large wp-image-487\" alt=\"\" srcset=\"https:\/\/peio.eus\/wp-content\/uploads\/2025\/05\/IMG_1568-1-1024x576.jpg 1024w, https:\/\/peio.eus\/wp-content\/uploads\/2025\/05\/IMG_1568-1-300x169.jpg 300w, https:\/\/peio.eus\/wp-content\/uploads\/2025\/05\/IMG_1568-1-768x432.jpg 768w, https:\/\/peio.eus\/wp-content\/uploads\/2025\/05\/IMG_1568-1-1536x864.jpg 1536w, https:\/\/peio.eus\/wp-content\/uploads\/2025\/05\/IMG_1568-1-2048x1152.jpg 2048w\" sizes=\"(max-width: 800px) 100vw, 800px\" \/>\t\t\t\t\t\t\t\t\t\t\t\t\t\t\t<\/div>\n\t\t\t\t<\/div>\n\t\t\t\t<\/div>\n\t\t\t\t\t<\/div>\n\t\t\t\t<\/div>\n\t\t\t\t<\/div>\n\t\t","protected":false},"excerpt":{"rendered":"<p>SOBRE M\u00cd Me llamo Peio Kerexeta Errasti, nac\u00ed en 2004 y vivo en Antzuola. Actualmente estudio Comunicaci\u00f3n Audiovisual en Mondragon Unibertsitatea. Me apasiona el dise\u00f1o en todas sus formas, especialmente el dise\u00f1o gr\u00e1fico y el dise\u00f1o web. Manejo herramientas como Photoshop, Illustrator, After Effects, Premiere, Figma y WordPress, lo que me permite trabajar en proyectos [&hellip;]<\/p>\n","protected":false},"author":1,"featured_media":0,"parent":0,"menu_order":0,"comment_status":"closed","ping_status":"closed","template":"elementor_header_footer","meta":{"footnotes":""},"class_list":["post-1145","page","type-page","status-publish","hentry"],"_links":{"self":[{"href":"https:\/\/peio.eus\/index.php?rest_route=\/wp\/v2\/pages\/1145","targetHints":{"allow":["GET"]}}],"collection":[{"href":"https:\/\/peio.eus\/index.php?rest_route=\/wp\/v2\/pages"}],"about":[{"href":"https:\/\/peio.eus\/index.php?rest_route=\/wp\/v2\/types\/page"}],"author":[{"embeddable":true,"href":"https:\/\/peio.eus\/index.php?rest_route=\/wp\/v2\/users\/1"}],"replies":[{"embeddable":true,"href":"https:\/\/peio.eus\/index.php?rest_route=%2Fwp%2Fv2%2Fcomments&post=1145"}],"version-history":[{"count":38,"href":"https:\/\/peio.eus\/index.php?rest_route=\/wp\/v2\/pages\/1145\/revisions"}],"predecessor-version":[{"id":2299,"href":"https:\/\/peio.eus\/index.php?rest_route=\/wp\/v2\/pages\/1145\/revisions\/2299"}],"wp:attachment":[{"href":"https:\/\/peio.eus\/index.php?rest_route=%2Fwp%2Fv2%2Fmedia&parent=1145"}],"curies":[{"name":"wp","href":"https:\/\/api.w.org\/{rel}","templated":true}]}}