{"id":1158,"date":"2025-05-24T13:35:22","date_gmt":"2025-05-24T12:35:22","guid":{"rendered":"https:\/\/peio.eus\/?page_id=1158"},"modified":"2025-10-23T14:45:07","modified_gmt":"2025-10-23T13:45:07","slug":"elementor-1158","status":"publish","type":"page","link":"https:\/\/peio.eus\/?page_id=1158&lang=es","title":{"rendered":"T\u00e9rminos y condiciones"},"content":{"rendered":"\t\t<div data-elementor-type=\"wp-page\" data-elementor-id=\"1158\" class=\"elementor elementor-1158\" data-elementor-settings=\"{&quot;ha_cmc_init_switcher&quot;:&quot;no&quot;}\" data-elementor-post-type=\"page\">\n\t\t\t\t<div class=\"elementor-element elementor-element-56b9506 e-flex e-con-boxed e-con e-parent\" data-id=\"56b9506\" data-element_type=\"container\" data-settings=\"{&quot;_ha_eqh_enable&quot;:false}\">\n\t\t\t\t\t<div class=\"e-con-inner\">\n\t\t\t\t<div class=\"elementor-element elementor-element-335862f elementor-widget elementor-widget-heading\" data-id=\"335862f\" data-element_type=\"widget\" data-widget_type=\"heading.default\">\n\t\t\t\t<div class=\"elementor-widget-container\">\n\t\t\t\t\t<h2 class=\"elementor-heading-title elementor-size-default\"><span data-metadata=\"<!--(figmeta)eyJmaWxlS2V5Ijoiclhuc1h6R2VkaGNCTmg1b250NG5QUCIsInBhc3RlSUQiOjE0NTk0NTQ1NDMsImRhdGFUeXBlIjoic2NlbmUifQo=(\/figmeta)-->\"><\/span>T\u00e9rminos y condiciones<\/h2>\t\t\t\t<\/div>\n\t\t\t\t<\/div>\n\t\t\t\t\t<\/div>\n\t\t\t\t<\/div>\n\t\t<div class=\"elementor-element elementor-element-a59d0d6 e-flex e-con-boxed e-con e-parent\" data-id=\"a59d0d6\" data-element_type=\"container\" data-settings=\"{&quot;_ha_eqh_enable&quot;:false}\">\n\t\t\t\t\t<div class=\"e-con-inner\">\n\t\t\t\t<div class=\"elementor-element elementor-element-90b4508 elementor-widget elementor-widget-text-editor\" data-id=\"90b4508\" data-element_type=\"widget\" data-widget_type=\"text-editor.default\">\n\t\t\t\t<div class=\"elementor-widget-container\">\n\t\t\t\t\t\t\t\t\t<p>El uso de este sitio web implica la aceptaci\u00f3n de las siguientes condiciones. Por favor, l\u00e9ela con atenci\u00f3n.<\/p><p><b>1. Propiedad del contenido<br \/><\/b>Todos los contenidos que aparecen en este sitio web (im\u00e1genes, textos, dise\u00f1os, etc.) son propiedad del autor y no pueden ser copiados, distribuidos o utilizados sin autorizaci\u00f3n previa.<\/p><p><b>2. Uso adecuado<br \/><\/b>El usuario debe utilizar el sitio web de forma responsable y legal. Se proh\u00edbe el uso del sitio web con fines lesivos o il\u00edcitos.<\/p><p><b>3. Protecci\u00f3n de datos personales<br \/><\/b>Este sitio web protege tus datos personales en cumplimiento de la legislaci\u00f3n vigente. La informaci\u00f3n recibida a trav\u00e9s del formulario de contacto tendr\u00e1 car\u00e1cter confidencial y no ser\u00e1 facilitada a terceros sin su consentimiento.<\/p><p><b>4. Enlaces y contenido externo<br \/><\/b>Este sitio web puede contener enlaces a sitios web de terceros. El autor no asume ninguna responsabilidad sobre los contenidos externos.<\/p><p><b>Modificaciones<br \/><\/b>El autor tiene derecho a modificar o actualizar los t\u00e9rminos y condiciones en cualquier momento sin notificaci\u00f3n previa.<\/p><p>Si sigue utilizando este sitio web, se entender\u00e1 que acepta estas condiciones.<\/p>\t\t\t\t\t\t\t\t<\/div>\n\t\t\t\t<\/div>\n\t\t\t\t\t<\/div>\n\t\t\t\t<\/div>\n\t\t\t\t<\/div>\n\t\t","protected":false},"excerpt":{"rendered":"<p>&#8220;>T\u00e9rminos y condiciones El uso de este sitio web implica la aceptaci\u00f3n de las siguientes condiciones. Por favor, l\u00e9ela con atenci\u00f3n. 1. Propiedad del contenidoTodos los contenidos que aparecen en este sitio web (im\u00e1genes, textos, dise\u00f1os, etc.) son propiedad del autor y no pueden ser copiados, distribuidos o utilizados sin autorizaci\u00f3n previa. 2. Uso adecuadoEl [&hellip;]<\/p>\n","protected":false},"author":1,"featured_media":0,"parent":0,"menu_order":0,"comment_status":"closed","ping_status":"closed","template":"elementor_header_footer","meta":{"footnotes":""},"class_list":["post-1158","page","type-page","status-publish","hentry"],"_links":{"self":[{"href":"https:\/\/peio.eus\/index.php?rest_route=\/wp\/v2\/pages\/1158","targetHints":{"allow":["GET"]}}],"collection":[{"href":"https:\/\/peio.eus\/index.php?rest_route=\/wp\/v2\/pages"}],"about":[{"href":"https:\/\/peio.eus\/index.php?rest_route=\/wp\/v2\/types\/page"}],"author":[{"embeddable":true,"href":"https:\/\/peio.eus\/index.php?rest_route=\/wp\/v2\/users\/1"}],"replies":[{"embeddable":true,"href":"https:\/\/peio.eus\/index.php?rest_route=%2Fwp%2Fv2%2Fcomments&post=1158"}],"version-history":[{"count":10,"href":"https:\/\/peio.eus\/index.php?rest_route=\/wp\/v2\/pages\/1158\/revisions"}],"predecessor-version":[{"id":2778,"href":"https:\/\/peio.eus\/index.php?rest_route=\/wp\/v2\/pages\/1158\/revisions\/2778"}],"wp:attachment":[{"href":"https:\/\/peio.eus\/index.php?rest_route=%2Fwp%2Fv2%2Fmedia&parent=1158"}],"curies":[{"name":"wp","href":"https:\/\/api.w.org\/{rel}","templated":true}]}}